{"id":544,"date":"2023-06-01T07:48:14","date_gmt":"2023-06-01T10:48:14","guid":{"rendered":"http:\/\/tech-gloria.bk-ninja.com\/?page_id=169"},"modified":"2023-06-01T21:54:57","modified_gmt":"2023-06-02T00:54:57","slug":"home-tech2","status":"publish","type":"page","link":"https:\/\/www.apedu.org.br\/site\/","title":{"rendered":"APE tem nova diretoria"},"content":{"rendered":"\n<figure class=\"wp-block-image\"><img loading=\"lazy\" decoding=\"async\" width=\"702\" height=\"769\" src=\"https:\/\/www.apedu.org.br\/site\/wp-content\/uploads\/2023\/06\/APE-04.jpeg\" alt=\"\" class=\"wp-image-2974\" srcset=\"https:\/\/www.apedu.org.br\/site\/wp-content\/uploads\/2023\/06\/APE-04.jpeg 702w, https:\/\/www.apedu.org.br\/site\/wp-content\/uploads\/2023\/06\/APE-04-274x300.jpeg 274w, https:\/\/www.apedu.org.br\/site\/wp-content\/uploads\/2023\/06\/APE-04-400x438.jpeg 400w, https:\/\/www.apedu.org.br\/site\/wp-content\/uploads\/2023\/06\/APE-04-548x600.jpeg 548w\" sizes=\"auto, (max-width: 702px) 100vw, 702px\" \/><\/figure>\n\n\n\n<p>A chapa \u201cA educa\u00e7\u00e3o nos une\u201d, eleita por unanimidade para dirigir a Academia Paulista de Educa\u00e7\u00e3o no tri\u00eanio (2023-2026), \u00e9 composta por Hubert Alqu\u00e9res (presidente), Ghisleine Trigo Silveira (vice presidente), Sonia Teresinha de Sousa Penin (1a secret\u00e1ria); Bahij Amin Aur (2a secret\u00e1rio), Walter Vicioni Gon\u00e7alves (1o tesoureiro), F\u00e1bio Romeu de Carvalho (2o tesoureiro), Marisa Philbert Lajolo (Bibliotec\u00e1rio) e M\u00e1rcia L\u00edgia Guidin (Comunica\u00e7\u00e3o).<\/p>\n","protected":false},"excerpt":{"rendered":"<p>A chapa \u201cA educa\u00e7\u00e3o nos une\u201d, eleita por unanimidade para dirigir a Academia Paulista de Educa\u00e7\u00e3o no tri\u00eanio (2023-2026), \u00e9 composta por Hubert Alqu\u00e9res (presidente), Ghisleine Trigo Silveira (vice presidente), Sonia Teresinha de Sousa Penin (1a secret\u00e1ria); Bahij Amin Aur (2a secret\u00e1rio), Walter Vicioni Gon\u00e7alves (1o tesoureiro), F\u00e1bio Romeu de Carvalho (2o tesoureiro), Marisa Philbert Lajolo (Bibliotec\u00e1rio) e M\u00e1rcia L\u00edgia Guidin (Comunica\u00e7\u00e3o).<\/p>\n","protected":false},"author":1,"featured_media":0,"parent":0,"menu_order":0,"comment_status":"closed","ping_status":"closed","template":"page_builder.php","meta":{"footnotes":""},"class_list":["post-544","page","type-page","status-publish","hentry"],"_links":{"self":[{"href":"https:\/\/www.apedu.org.br\/site\/wp-json\/wp\/v2\/pages\/544","targetHints":{"allow":["GET"]}}],"collection":[{"href":"https:\/\/www.apedu.org.br\/site\/wp-json\/wp\/v2\/pages"}],"about":[{"href":"https:\/\/www.apedu.org.br\/site\/wp-json\/wp\/v2\/types\/page"}],"author":[{"embeddable":true,"href":"https:\/\/www.apedu.org.br\/site\/wp-json\/wp\/v2\/users\/1"}],"replies":[{"embeddable":true,"href":"https:\/\/www.apedu.org.br\/site\/wp-json\/wp\/v2\/comments?post=544"}],"version-history":[{"count":3,"href":"https:\/\/www.apedu.org.br\/site\/wp-json\/wp\/v2\/pages\/544\/revisions"}],"predecessor-version":[{"id":2975,"href":"https:\/\/www.apedu.org.br\/site\/wp-json\/wp\/v2\/pages\/544\/revisions\/2975"}],"wp:attachment":[{"href":"https:\/\/www.apedu.org.br\/site\/wp-json\/wp\/v2\/media?parent=544"}],"curies":[{"name":"wp","href":"https:\/\/api.w.org\/{rel}","templated":true}]}}